{"id":7431,"date":"2025-04-01T17:20:15","date_gmt":"2025-04-01T15:20:15","guid":{"rendered":"https:\/\/collabfactory.art\/services-test-3\/"},"modified":"2025-07-18T12:48:41","modified_gmt":"2025-07-18T10:48:41","slug":"expertise-brand-content","status":"publish","type":"page","link":"https:\/\/collabfactory.art\/en\/expertise-brand-content\/","title":{"rendered":"Our expertise in brand content"},"content":{"rendered":"","protected":false},"excerpt":{"rendered":"","protected":false},"author":3,"featured_media":0,"parent":0,"menu_order":0,"comment_status":"closed","ping_status":"closed","template":"services.php","meta":{"_monsterinsights_skip_tracking":false,"_monsterinsights_sitenote_active":false,"_monsterinsights_sitenote_note":"","_monsterinsights_sitenote_category":0,"footnotes":""},"class_list":["post-7431","page","type-page","status-publish","hentry"],"yoast_head":"<!-- This site is optimized with the Yoast SEO plugin v27.3 - https:\/\/yoast.com\/product\/yoast-seo-wordpress\/ -->\n<title>Brand content &amp; Artistic collaboration | Collab Factory<\/title>\n<meta name=\"description\" content=\"Artistic brand content: Collab Factory combines art, storytelling and visual content to enhance your brand. Let&#039;s talk !\" \/>\n<meta name=\"robots\" content=\"index, follow, max-snippet:-1, max-image-preview:large, max-video-preview:-1\" \/>\n<link rel=\"canonical\" href=\"https:\/\/collabfactory.art\/en\/expertise-brand-content\/\" \/>\n<meta property=\"og:locale\" content=\"en_US\" \/>\n<meta property=\"og:type\" content=\"article\" \/>\n<meta property=\"og:title\" content=\"Brand content &amp; Artistic collaboration | Collab Factory\" \/>\n<meta property=\"og:description\" content=\"Artistic brand content: Collab Factory combines art, storytelling and visual content to enhance your brand. Let&#039;s talk !\" \/>\n<meta property=\"og:url\" content=\"https:\/\/collabfactory.art\/en\/expertise-brand-content\/\" \/>\n<meta property=\"og:site_name\" content=\"Collab Factory | Collaborations Artistiques (Marque x Artiste)\" \/>\n<meta property=\"article:publisher\" content=\"https:\/\/www.facebook.com\/collabfactory.art\" \/>\n<meta property=\"article:modified_time\" content=\"2025-07-18T10:48:41+00:00\" \/>\n<meta name=\"twitter:card\" content=\"summary_large_image\" \/>\n<script type=\"application\/ld+json\" class=\"yoast-schema-graph\">{\"@context\":\"https:\\\/\\\/schema.org\",\"@graph\":[{\"@type\":\"WebPage\",\"@id\":\"https:\\\/\\\/collabfactory.art\\\/en\\\/expertise-brand-content\\\/\",\"url\":\"https:\\\/\\\/collabfactory.art\\\/en\\\/expertise-brand-content\\\/\",\"name\":\"Brand content & Artistic collaboration | Collab Factory\",\"isPartOf\":{\"@id\":\"https:\\\/\\\/collabfactory.art\\\/#website\"},\"datePublished\":\"2025-04-01T15:20:15+00:00\",\"dateModified\":\"2025-07-18T10:48:41+00:00\",\"description\":\"Artistic brand content: Collab Factory combines art, storytelling and visual content to enhance your brand. Let's talk !\",\"breadcrumb\":{\"@id\":\"https:\\\/\\\/collabfactory.art\\\/en\\\/expertise-brand-content\\\/#breadcrumb\"},\"inLanguage\":\"en-US\",\"potentialAction\":[{\"@type\":\"ReadAction\",\"target\":[\"https:\\\/\\\/collabfactory.art\\\/en\\\/expertise-brand-content\\\/\"]}]},{\"@type\":\"BreadcrumbList\",\"@id\":\"https:\\\/\\\/collabfactory.art\\\/en\\\/expertise-brand-content\\\/#breadcrumb\",\"itemListElement\":[{\"@type\":\"ListItem\",\"position\":1,\"name\":\"Accueil\",\"item\":\"https:\\\/\\\/collabfactory.art\\\/en\\\/\"},{\"@type\":\"ListItem\",\"position\":2,\"name\":\"Our expertise in brand content\"}]},{\"@type\":\"WebSite\",\"@id\":\"https:\\\/\\\/collabfactory.art\\\/#website\",\"url\":\"https:\\\/\\\/collabfactory.art\\\/\",\"name\":\"Collab Factory | Collaborations Artistiques (Marque x Artiste)\",\"description\":\"Agence de collaborations artistiques entre Marques et Artistes. Cr\u00e9ation d&#039;\u00e9ditions limit\u00e9es, de fresques, de performances live et d&#039;ateliers. Street Art et Art Contemporain. Fondatrice : Mathilde Mazuranic\",\"publisher\":{\"@id\":\"https:\\\/\\\/collabfactory.art\\\/#organization\"},\"potentialAction\":[{\"@type\":\"SearchAction\",\"target\":{\"@type\":\"EntryPoint\",\"urlTemplate\":\"https:\\\/\\\/collabfactory.art\\\/?s={search_term_string}\"},\"query-input\":{\"@type\":\"PropertyValueSpecification\",\"valueRequired\":true,\"valueName\":\"search_term_string\"}}],\"inLanguage\":\"en-US\"},{\"@type\":\"Organization\",\"@id\":\"https:\\\/\\\/collabfactory.art\\\/#organization\",\"name\":\"Collab Factory\",\"url\":\"https:\\\/\\\/collabfactory.art\\\/\",\"logo\":{\"@type\":\"ImageObject\",\"inLanguage\":\"en-US\",\"@id\":\"https:\\\/\\\/collabfactory.art\\\/#\\\/schema\\\/logo\\\/image\\\/\",\"url\":\"http:\\\/\\\/collabfactory.art\\\/wp-content\\\/uploads\\\/2021\\\/06\\\/logo.png\",\"contentUrl\":\"http:\\\/\\\/collabfactory.art\\\/wp-content\\\/uploads\\\/2021\\\/06\\\/logo.png\",\"width\":1100,\"height\":649,\"caption\":\"Collab Factory\"},\"image\":{\"@id\":\"https:\\\/\\\/collabfactory.art\\\/#\\\/schema\\\/logo\\\/image\\\/\"},\"sameAs\":[\"https:\\\/\\\/www.facebook.com\\\/collabfactory.art\",\"https:\\\/\\\/www.instagram.com\\\/collabfactory.art\\\/\",\"https:\\\/\\\/www.linkedin.com\\\/company\\\/collab-factory\\\/\"]}]}<\/script>\n<!-- \/ Yoast SEO plugin. -->","yoast_head_json":{"title":"Brand content & Artistic collaboration | Collab Factory","description":"Artistic brand content: Collab Factory combines art, storytelling and visual content to enhance your brand. Let's talk !","robots":{"index":"index","follow":"follow","max-snippet":"max-snippet:-1","max-image-preview":"max-image-preview:large","max-video-preview":"max-video-preview:-1"},"canonical":"https:\/\/collabfactory.art\/en\/expertise-brand-content\/","og_locale":"en_US","og_type":"article","og_title":"Brand content & Artistic collaboration | Collab Factory","og_description":"Artistic brand content: Collab Factory combines art, storytelling and visual content to enhance your brand. Let's talk !","og_url":"https:\/\/collabfactory.art\/en\/expertise-brand-content\/","og_site_name":"Collab Factory | Collaborations Artistiques (Marque x Artiste)","article_publisher":"https:\/\/www.facebook.com\/collabfactory.art","article_modified_time":"2025-07-18T10:48:41+00:00","twitter_card":"summary_large_image","schema":{"@context":"https:\/\/schema.org","@graph":[{"@type":"WebPage","@id":"https:\/\/collabfactory.art\/en\/expertise-brand-content\/","url":"https:\/\/collabfactory.art\/en\/expertise-brand-content\/","name":"Brand content & Artistic collaboration | Collab Factory","isPartOf":{"@id":"https:\/\/collabfactory.art\/#website"},"datePublished":"2025-04-01T15:20:15+00:00","dateModified":"2025-07-18T10:48:41+00:00","description":"Artistic brand content: Collab Factory combines art, storytelling and visual content to enhance your brand. Let's talk !","breadcrumb":{"@id":"https:\/\/collabfactory.art\/en\/expertise-brand-content\/#breadcrumb"},"inLanguage":"en-US","potentialAction":[{"@type":"ReadAction","target":["https:\/\/collabfactory.art\/en\/expertise-brand-content\/"]}]},{"@type":"BreadcrumbList","@id":"https:\/\/collabfactory.art\/en\/expertise-brand-content\/#breadcrumb","itemListElement":[{"@type":"ListItem","position":1,"name":"Accueil","item":"https:\/\/collabfactory.art\/en\/"},{"@type":"ListItem","position":2,"name":"Our expertise in brand content"}]},{"@type":"WebSite","@id":"https:\/\/collabfactory.art\/#website","url":"https:\/\/collabfactory.art\/","name":"Collab Factory | Collaborations Artistiques (Marque x Artiste)","description":"Agence de collaborations artistiques entre Marques et Artistes. Cr\u00e9ation d&#039;\u00e9ditions limit\u00e9es, de fresques, de performances live et d&#039;ateliers. Street Art et Art Contemporain. Fondatrice : Mathilde Mazuranic","publisher":{"@id":"https:\/\/collabfactory.art\/#organization"},"potentialAction":[{"@type":"SearchAction","target":{"@type":"EntryPoint","urlTemplate":"https:\/\/collabfactory.art\/?s={search_term_string}"},"query-input":{"@type":"PropertyValueSpecification","valueRequired":true,"valueName":"search_term_string"}}],"inLanguage":"en-US"},{"@type":"Organization","@id":"https:\/\/collabfactory.art\/#organization","name":"Collab Factory","url":"https:\/\/collabfactory.art\/","logo":{"@type":"ImageObject","inLanguage":"en-US","@id":"https:\/\/collabfactory.art\/#\/schema\/logo\/image\/","url":"http:\/\/collabfactory.art\/wp-content\/uploads\/2021\/06\/logo.png","contentUrl":"http:\/\/collabfactory.art\/wp-content\/uploads\/2021\/06\/logo.png","width":1100,"height":649,"caption":"Collab Factory"},"image":{"@id":"https:\/\/collabfactory.art\/#\/schema\/logo\/image\/"},"sameAs":["https:\/\/www.facebook.com\/collabfactory.art","https:\/\/www.instagram.com\/collabfactory.art\/","https:\/\/www.linkedin.com\/company\/collab-factory\/"]}]}},"_links":{"self":[{"href":"https:\/\/collabfactory.art\/en\/wp-json\/wp\/v2\/pages\/7431","targetHints":{"allow":["GET"]}}],"collection":[{"href":"https:\/\/collabfactory.art\/en\/wp-json\/wp\/v2\/pages"}],"about":[{"href":"https:\/\/collabfactory.art\/en\/wp-json\/wp\/v2\/types\/page"}],"author":[{"embeddable":true,"href":"https:\/\/collabfactory.art\/en\/wp-json\/wp\/v2\/users\/3"}],"replies":[{"embeddable":true,"href":"https:\/\/collabfactory.art\/en\/wp-json\/wp\/v2\/comments?post=7431"}],"version-history":[{"count":13,"href":"https:\/\/collabfactory.art\/en\/wp-json\/wp\/v2\/pages\/7431\/revisions"}],"predecessor-version":[{"id":7809,"href":"https:\/\/collabfactory.art\/en\/wp-json\/wp\/v2\/pages\/7431\/revisions\/7809"}],"wp:attachment":[{"href":"https:\/\/collabfactory.art\/en\/wp-json\/wp\/v2\/media?parent=7431"}],"curies":[{"name":"wp","href":"https:\/\/api.w.org\/{rel}","templated":true}]}}